{"id":2746,"date":"2020-12-04T08:03:13","date_gmt":"2020-12-04T08:03:13","guid":{"rendered":"https:\/\/www.sinergiasalut.com\/producte\/entrenamiento-pilates-yoga\/"},"modified":"2020-12-15T11:16:54","modified_gmt":"2020-12-15T11:16:54","slug":"entrenamiento-pilates-yoga","status":"publish","type":"product","link":"https:\/\/www.sinergiasalut.com\/es\/producte\/entrenamiento-pilates-yoga\/","title":{"rendered":"Entrenamiento Terap\u00e9utico- Pilates &#8211; Yoga"},"content":{"rendered":"<p><span style=\"font-weight: 400;\">El entrenamiento personal es un buen camino para el bienestar. En nuestras sesiones trabajamos de manera personalizada para buscar la consecuci\u00f3n de los objetivos de nuestros pacientes, su mejor\u00eda y la consecuci\u00f3n de resultados. Ponemos nuestra experiencia y todo nuestro cuidado para la salud de nuestros pacientes. \u00a1Y son adictivos!<\/span><\/p>\n<p>*Precio para 4 sesiones individuales<\/p>\n","protected":false},"excerpt":{"rendered":"<p><span style=\"font-weight: 400;\">Positivamente adictivos<\/span><\/p>\n","protected":false},"featured_media":2758,"template":"","meta":{"inline_featured_image":false},"product_brand":[],"product_cat":[33],"product_tag":[],"class_list":{"0":"post-2746","1":"product","2":"type-product","3":"status-publish","4":"has-post-thumbnail","6":"product_cat-sense-categoria-es","8":"first","9":"instock","10":"sale","11":"shipping-taxable","12":"purchasable","13":"product-type-simple"},"yoast_head":"<!-- This site is optimized with the Yoast SEO plugin v26.3 - https:\/\/yoast.com\/wordpress\/plugins\/seo\/ -->\n<title>Entrenamiento Terap\u00e9utico- Pilates - Yoga - Sinergia Salut<\/title>\n<meta name=\"robots\" content=\"index, follow, max-snippet:-1, max-image-preview:large, max-video-preview:-1\" \/>\n<link rel=\"canonical\" href=\"https:\/\/www.sinergiasalut.com\/es\/producte\/entrenamiento-pilates-yoga\/\" \/>\n<meta property=\"og:locale\" content=\"es_ES\" \/>\n<meta property=\"og:type\" content=\"article\" \/>\n<meta property=\"og:title\" content=\"Entrenamiento Terap\u00e9utico- Pilates - Yoga - Sinergia Salut\" \/>\n<meta property=\"og:description\" content=\"Positivamente adictivos\" \/>\n<meta property=\"og:url\" content=\"https:\/\/www.sinergiasalut.com\/es\/producte\/entrenamiento-pilates-yoga\/\" \/>\n<meta property=\"og:site_name\" content=\"Sinergia Salut\" \/>\n<meta property=\"article:modified_time\" content=\"2020-12-15T11:16:54+00:00\" \/>\n<meta property=\"og:image\" content=\"https:\/\/www.sinergiasalut.com\/wp-content\/uploads\/2020\/12\/sinergia-entrenamientoteapeutico-unsplash-scaled.jpg\" \/>\n\t<meta property=\"og:image:width\" content=\"2560\" \/>\n\t<meta property=\"og:image:height\" content=\"1707\" \/>\n\t<meta property=\"og:image:type\" content=\"image\/jpeg\" \/>\n<meta name=\"twitter:card\" content=\"summary_large_image\" \/>\n<script type=\"application\/ld+json\" class=\"yoast-schema-graph\">{\"@context\":\"https:\/\/schema.org\",\"@graph\":[{\"@type\":\"WebPage\",\"@id\":\"https:\/\/www.sinergiasalut.com\/es\/producte\/entrenamiento-pilates-yoga\/\",\"url\":\"https:\/\/www.sinergiasalut.com\/es\/producte\/entrenamiento-pilates-yoga\/\",\"name\":\"Entrenamiento Terap\u00e9utico- Pilates - Yoga - Sinergia Salut\",\"isPartOf\":{\"@id\":\"https:\/\/www.sinergiasalut.com\/#website\"},\"primaryImageOfPage\":{\"@id\":\"https:\/\/www.sinergiasalut.com\/es\/producte\/entrenamiento-pilates-yoga\/#primaryimage\"},\"image\":{\"@id\":\"https:\/\/www.sinergiasalut.com\/es\/producte\/entrenamiento-pilates-yoga\/#primaryimage\"},\"thumbnailUrl\":\"https:\/\/www.sinergiasalut.com\/wp-content\/uploads\/2020\/12\/sinergia-entrenamientoteapeutico-unsplash-scaled.jpg\",\"datePublished\":\"2020-12-04T08:03:13+00:00\",\"dateModified\":\"2020-12-15T11:16:54+00:00\",\"breadcrumb\":{\"@id\":\"https:\/\/www.sinergiasalut.com\/es\/producte\/entrenamiento-pilates-yoga\/#breadcrumb\"},\"inLanguage\":\"es\",\"potentialAction\":[{\"@type\":\"ReadAction\",\"target\":[\"https:\/\/www.sinergiasalut.com\/es\/producte\/entrenamiento-pilates-yoga\/\"]}]},{\"@type\":\"ImageObject\",\"inLanguage\":\"es\",\"@id\":\"https:\/\/www.sinergiasalut.com\/es\/producte\/entrenamiento-pilates-yoga\/#primaryimage\",\"url\":\"https:\/\/www.sinergiasalut.com\/wp-content\/uploads\/2020\/12\/sinergia-entrenamientoteapeutico-unsplash-scaled.jpg\",\"contentUrl\":\"https:\/\/www.sinergiasalut.com\/wp-content\/uploads\/2020\/12\/sinergia-entrenamientoteapeutico-unsplash-scaled.jpg\",\"width\":2560,\"height\":1707},{\"@type\":\"BreadcrumbList\",\"@id\":\"https:\/\/www.sinergiasalut.com\/es\/producte\/entrenamiento-pilates-yoga\/#breadcrumb\",\"itemListElement\":[{\"@type\":\"ListItem\",\"position\":1,\"name\":\"Inici\",\"item\":\"https:\/\/www.sinergiasalut.com\/es\/\"},{\"@type\":\"ListItem\",\"position\":2,\"name\":\"Tienda\",\"item\":\"https:\/\/www.sinergiasalut.com\/es\/tienda\/\"},{\"@type\":\"ListItem\",\"position\":3,\"name\":\"Entrenamiento Terap\u00e9utico- Pilates &#8211; Yoga\"}]},{\"@type\":\"WebSite\",\"@id\":\"https:\/\/www.sinergiasalut.com\/#website\",\"url\":\"https:\/\/www.sinergiasalut.com\/\",\"name\":\"Sinergia Salut\",\"description\":\"Fisioter\u00e0pia\",\"potentialAction\":[{\"@type\":\"SearchAction\",\"target\":{\"@type\":\"EntryPoint\",\"urlTemplate\":\"https:\/\/www.sinergiasalut.com\/?s={search_term_string}\"},\"query-input\":{\"@type\":\"PropertyValueSpecification\",\"valueRequired\":true,\"valueName\":\"search_term_string\"}}],\"inLanguage\":\"es\"}]}<\/script>\n<!-- \/ Yoast SEO plugin. -->","yoast_head_json":{"title":"Entrenamiento Terap\u00e9utico- Pilates - Yoga - Sinergia Salut","robots":{"index":"index","follow":"follow","max-snippet":"max-snippet:-1","max-image-preview":"max-image-preview:large","max-video-preview":"max-video-preview:-1"},"canonical":"https:\/\/www.sinergiasalut.com\/es\/producte\/entrenamiento-pilates-yoga\/","og_locale":"es_ES","og_type":"article","og_title":"Entrenamiento Terap\u00e9utico- Pilates - Yoga - Sinergia Salut","og_description":"Positivamente adictivos","og_url":"https:\/\/www.sinergiasalut.com\/es\/producte\/entrenamiento-pilates-yoga\/","og_site_name":"Sinergia Salut","article_modified_time":"2020-12-15T11:16:54+00:00","og_image":[{"width":2560,"height":1707,"url":"https:\/\/www.sinergiasalut.com\/wp-content\/uploads\/2020\/12\/sinergia-entrenamientoteapeutico-unsplash-scaled.jpg","type":"image\/jpeg"}],"twitter_card":"summary_large_image","schema":{"@context":"https:\/\/schema.org","@graph":[{"@type":"WebPage","@id":"https:\/\/www.sinergiasalut.com\/es\/producte\/entrenamiento-pilates-yoga\/","url":"https:\/\/www.sinergiasalut.com\/es\/producte\/entrenamiento-pilates-yoga\/","name":"Entrenamiento Terap\u00e9utico- Pilates - Yoga - Sinergia Salut","isPartOf":{"@id":"https:\/\/www.sinergiasalut.com\/#website"},"primaryImageOfPage":{"@id":"https:\/\/www.sinergiasalut.com\/es\/producte\/entrenamiento-pilates-yoga\/#primaryimage"},"image":{"@id":"https:\/\/www.sinergiasalut.com\/es\/producte\/entrenamiento-pilates-yoga\/#primaryimage"},"thumbnailUrl":"https:\/\/www.sinergiasalut.com\/wp-content\/uploads\/2020\/12\/sinergia-entrenamientoteapeutico-unsplash-scaled.jpg","datePublished":"2020-12-04T08:03:13+00:00","dateModified":"2020-12-15T11:16:54+00:00","breadcrumb":{"@id":"https:\/\/www.sinergiasalut.com\/es\/producte\/entrenamiento-pilates-yoga\/#breadcrumb"},"inLanguage":"es","potentialAction":[{"@type":"ReadAction","target":["https:\/\/www.sinergiasalut.com\/es\/producte\/entrenamiento-pilates-yoga\/"]}]},{"@type":"ImageObject","inLanguage":"es","@id":"https:\/\/www.sinergiasalut.com\/es\/producte\/entrenamiento-pilates-yoga\/#primaryimage","url":"https:\/\/www.sinergiasalut.com\/wp-content\/uploads\/2020\/12\/sinergia-entrenamientoteapeutico-unsplash-scaled.jpg","contentUrl":"https:\/\/www.sinergiasalut.com\/wp-content\/uploads\/2020\/12\/sinergia-entrenamientoteapeutico-unsplash-scaled.jpg","width":2560,"height":1707},{"@type":"BreadcrumbList","@id":"https:\/\/www.sinergiasalut.com\/es\/producte\/entrenamiento-pilates-yoga\/#breadcrumb","itemListElement":[{"@type":"ListItem","position":1,"name":"Inici","item":"https:\/\/www.sinergiasalut.com\/es\/"},{"@type":"ListItem","position":2,"name":"Tienda","item":"https:\/\/www.sinergiasalut.com\/es\/tienda\/"},{"@type":"ListItem","position":3,"name":"Entrenamiento Terap\u00e9utico- Pilates &#8211; Yoga"}]},{"@type":"WebSite","@id":"https:\/\/www.sinergiasalut.com\/#website","url":"https:\/\/www.sinergiasalut.com\/","name":"Sinergia Salut","description":"Fisioter\u00e0pia","potentialAction":[{"@type":"SearchAction","target":{"@type":"EntryPoint","urlTemplate":"https:\/\/www.sinergiasalut.com\/?s={search_term_string}"},"query-input":{"@type":"PropertyValueSpecification","valueRequired":true,"valueName":"search_term_string"}}],"inLanguage":"es"}]}},"_links":{"self":[{"href":"https:\/\/www.sinergiasalut.com\/es\/wp-json\/wp\/v2\/product\/2746","targetHints":{"allow":["GET"]}}],"collection":[{"href":"https:\/\/www.sinergiasalut.com\/es\/wp-json\/wp\/v2\/product"}],"about":[{"href":"https:\/\/www.sinergiasalut.com\/es\/wp-json\/wp\/v2\/types\/product"}],"wp:featuredmedia":[{"embeddable":true,"href":"https:\/\/www.sinergiasalut.com\/es\/wp-json\/wp\/v2\/media\/2758"}],"wp:attachment":[{"href":"https:\/\/www.sinergiasalut.com\/es\/wp-json\/wp\/v2\/media?parent=2746"}],"wp:term":[{"taxonomy":"product_brand","embeddable":true,"href":"https:\/\/www.sinergiasalut.com\/es\/wp-json\/wp\/v2\/product_brand?post=2746"},{"taxonomy":"product_cat","embeddable":true,"href":"https:\/\/www.sinergiasalut.com\/es\/wp-json\/wp\/v2\/product_cat?post=2746"},{"taxonomy":"product_tag","embeddable":true,"href":"https:\/\/www.sinergiasalut.com\/es\/wp-json\/wp\/v2\/product_tag?post=2746"}],"curies":[{"name":"wp","href":"https:\/\/api.w.org\/{rel}","templated":true}]}}